{"id":48,"date":"2021-03-24T22:43:37","date_gmt":"2021-03-24T22:43:37","guid":{"rendered":"http:\/\/pixeloverflow.net\/discos\/?post_type=product&#038;p=48"},"modified":"2021-03-25T00:37:58","modified_gmt":"2021-03-25T00:37:58","slug":"gazapo","status":"publish","type":"product","link":"https:\/\/discoscuchillo.com\/tienda\/producto\/gazapo\/","title":{"rendered":"Gazapo"},"content":{"rendered":"<p>Israel Ram\u00edrez es la mente maestra detr\u00e1s de Belafonte Sensacional, encargado de tocar la guitarra, la voz principal, crear los conceptos de las rolas y escribir todas las letras. El resto de la banda consiste en: Jerez Dulce en la voz, el ukulele, cuatro venezolano y toys; Julio Maldad, en la guitarra el\u00e9ctrica y el xil\u00f3fono; Israel \u201cMiroux\u201d en el bajo; Crist\u00f3bal Mart\u00ednez en la bater\u00eda; El Ale Guerrero, harm\u00f3nica y cuica; Mabel Jim\u00e9nez, clarinete y jarana; Emmanuel Garc\u00eda en la trompeta; y Nestor Varela en el tromb\u00f3n. Belafonte lanz\u00f3 un EP en el 2009, conviven el cual se dio a conocer, Le Petit Riot. Seis temas grabados en la sala de su casa. Sencillo, casero y org\u00e1nico. En 2014, Belafonte Sensacional finalmente lanz\u00f3 con Discos Cuchillo lo que oficialmente es su \u00e1lbum debut: Gazapo, cuyo nombre est\u00e1 basado en la novela hom\u00f3nima del escritor mexicano Gustavo Sainz. Lo de Belafonte es un peque\u00f1o desmadre, el error como elemento est\u00e9tico, lo espont\u00e1neo e irrepetible como bandera del m\u00e1stil. En su propuesta conviven por igual el folk con el punk y el pop, el shoegaze con lo rupestre, lo rudo y lo cursi.<\/p>\n","protected":false},"excerpt":{"rendered":"<p>Cassette + mini p\u00f3ster<\/p>\n<p>M\u00fasica y letra: Israel Ram\u00edrez<\/p>\n<p>Producci\u00f3n: Jorge Carlos Aristain<br \/>\nArte: Oscar Coyoli<br \/>\nDise\u00f1o: Proyectos ningu\u00e9m<\/p>\n<p>2013<\/p>\n","protected":false},"featured_media":31,"comment_status":"open","ping_status":"closed","template":"","meta":[],"product_brand":[],"product_cat":[16],"product_tag":[],"class_list":{"0":"post-48","1":"product","2":"type-product","3":"status-publish","4":"has-post-thumbnail","6":"product_cat-cassette","8":"first","9":"instock","10":"shipping-taxable","11":"purchasable","12":"product-type-simple"},"_links":{"self":[{"href":"https:\/\/discoscuchillo.com\/tienda\/wp-json\/wp\/v2\/product\/48","targetHints":{"allow":["GET"]}}],"collection":[{"href":"https:\/\/discoscuchillo.com\/tienda\/wp-json\/wp\/v2\/product"}],"about":[{"href":"https:\/\/discoscuchillo.com\/tienda\/wp-json\/wp\/v2\/types\/product"}],"replies":[{"embeddable":true,"href":"https:\/\/discoscuchillo.com\/tienda\/wp-json\/wp\/v2\/comments?post=48"}],"wp:featuredmedia":[{"embeddable":true,"href":"https:\/\/discoscuchillo.com\/tienda\/wp-json\/wp\/v2\/media\/31"}],"wp:attachment":[{"href":"https:\/\/discoscuchillo.com\/tienda\/wp-json\/wp\/v2\/media?parent=48"}],"wp:term":[{"taxonomy":"product_brand","embeddable":true,"href":"https:\/\/discoscuchillo.com\/tienda\/wp-json\/wp\/v2\/product_brand?post=48"},{"taxonomy":"product_cat","embeddable":true,"href":"https:\/\/discoscuchillo.com\/tienda\/wp-json\/wp\/v2\/product_cat?post=48"},{"taxonomy":"product_tag","embeddable":true,"href":"https:\/\/discoscuchillo.com\/tienda\/wp-json\/wp\/v2\/product_tag?post=48"}],"curies":[{"name":"wp","href":"https:\/\/api.w.org\/{rel}","templated":true}]}}