{"id":25,"date":"2021-03-23T23:04:26","date_gmt":"2021-03-23T23:04:26","guid":{"rendered":"http:\/\/pixeloverflow.net\/discos\/?post_type=product&#038;p=25"},"modified":"2021-03-25T00:54:07","modified_gmt":"2021-03-25T00:54:07","slug":"un-amigo-para-la-orgia-del-fin-del-mundo","status":"publish","type":"product","link":"https:\/\/discoscuchillo.com\/tienda\/producto\/un-amigo-para-la-orgia-del-fin-del-mundo\/","title":{"rendered":"Un amigo para la org\u00eda del fin del mundo"},"content":{"rendered":"<p>Un amigo para la org\u00eda del f\u00edn del mundo<\/p>\n<p>Audaz. Hermano mayor de un chico con s\u00edndrome de Down. Homof\u00f3bico. Homosexual. Inconforme. Mexicano. Norte\u00f1o. Progresista. Promiscuo. Punk incorregible. Resentido. Rom\u00e1ntico de cl\u00f3set. Sensible. Suicida. Se\u00f1alado entre los se\u00f1alados\u2026 una mara\u00f1a de adjetivos que resaltan algunas de las caracter\u00edsticas del autor, pero ninguno es tan congruente como la necesidad de denunciar la farsa y confrontar a aquellos activistas, autocondescencientes, pro derechos humanos. La fantas\u00eda gay existe y Bruciaga no se la cree, la se\u00f1ala y la cuestiona, la envuelve y la sentencia igual que los mismos tres acordes que el punk rock us\u00f3 para re configurar la m\u00fasica pop. Para Wenceslao, el p\u00falpito est\u00e1 en los moshpits y en el slam, en la l\u00edrica irreverente y el sudor gordo de la m\u00fasica que lo acompa\u00f1a. Esta selecci\u00f3n de cr\u00f3nicas desmantela puntualmente los m\u00faltiples y variopintos cl\u00f3sets a los que hay enfrentar(se) para ser enteramente libre en una ciudad, en un pa\u00eds. Wenceslao lucha d\u00eda a d\u00eda por quitarse investiduras impuestas e inercias sociales con proto tendencias integracionistas. La voz que relata busca descolonizarse de aquello que le imponen desde su sexo, su familia, su entorno, hasta la misma comunidad lgtbi. Wenceslao objeta de manera directa -con el pecho inflado, la espalda erguida, el ment\u00f3n trabado y los pu\u00f1os crispados- a quienes favorecen la diversidad siempre que \u00e9sta pueda encasillarse dentro de los l\u00edmites preestablecidos en las preferencias peque\u00f1oburguesas del buen gusto; que al final lo \u00fanico que consiguen es discriminar al discriminado. Bruciaga les pone la otra mejilla, mientras escucha y demanda ser escuchado, parado de lado, blandiendo el cuchillo, listo para defender su postura a trav\u00e9s de la palabra o el pu\u00f1al.<\/p>\n","protected":false},"excerpt":{"rendered":"<p>Wenceslao Bruciaga<br \/>\nPr\u00f3logo de Roberta Garza<\/p>\n<p>202 p\u00e1ginas<br \/>\n11 x 17 cm<br \/>\nOffset, ru\u0301stica + fajilla<\/p>\n<p>Primera edicio\u0301n 2016<br \/>\nSegunda edici\u00f3n 2019<\/p>\n<p>ISBN 978-607-97253-2-7<\/p>\n","protected":false},"featured_media":26,"comment_status":"open","ping_status":"closed","template":"","meta":[],"product_brand":[],"product_cat":[20],"product_tag":[],"class_list":{"0":"post-25","1":"product","2":"type-product","3":"status-publish","4":"has-post-thumbnail","6":"product_cat-libro","8":"first","9":"instock","10":"shipping-taxable","11":"purchasable","12":"product-type-simple"},"_links":{"self":[{"href":"https:\/\/discoscuchillo.com\/tienda\/wp-json\/wp\/v2\/product\/25","targetHints":{"allow":["GET"]}}],"collection":[{"href":"https:\/\/discoscuchillo.com\/tienda\/wp-json\/wp\/v2\/product"}],"about":[{"href":"https:\/\/discoscuchillo.com\/tienda\/wp-json\/wp\/v2\/types\/product"}],"replies":[{"embeddable":true,"href":"https:\/\/discoscuchillo.com\/tienda\/wp-json\/wp\/v2\/comments?post=25"}],"wp:featuredmedia":[{"embeddable":true,"href":"https:\/\/discoscuchillo.com\/tienda\/wp-json\/wp\/v2\/media\/26"}],"wp:attachment":[{"href":"https:\/\/discoscuchillo.com\/tienda\/wp-json\/wp\/v2\/media?parent=25"}],"wp:term":[{"taxonomy":"product_brand","embeddable":true,"href":"https:\/\/discoscuchillo.com\/tienda\/wp-json\/wp\/v2\/product_brand?post=25"},{"taxonomy":"product_cat","embeddable":true,"href":"https:\/\/discoscuchillo.com\/tienda\/wp-json\/wp\/v2\/product_cat?post=25"},{"taxonomy":"product_tag","embeddable":true,"href":"https:\/\/discoscuchillo.com\/tienda\/wp-json\/wp\/v2\/product_tag?post=25"}],"curies":[{"name":"wp","href":"https:\/\/api.w.org\/{rel}","templated":true}]}}