{"id":21,"date":"2021-03-23T01:51:05","date_gmt":"2021-03-23T01:51:05","guid":{"rendered":"http:\/\/pixeloverflow.net\/discos\/?post_type=product&#038;p=21"},"modified":"2023-04-21T01:14:50","modified_gmt":"2023-04-21T01:14:50","slug":"kalmathe-satanas","status":"publish","type":"product","link":"https:\/\/discoscuchillo.com\/tienda\/producto\/kalmathe-satanas\/","title":{"rendered":"K\u00e1lmathe Satan\u00e1s"},"content":{"rendered":"<p><strong>Minimalismo \u200bsynth\u200b, humor negro y gotas l\u00edricas. Canciones clave: Drogadicci\u00f3n, o gui\u00f1os queer\/feministas como El Har\u00e9m de la Mujer. Alejandro \u200bRosso\u200b de Plastilina \u200bMosh\u200b en la co-producci\u00f3n.<\/strong><\/p>\n<p>&nbsp;<\/p>\n<p><strong>El Muertho de Tijuana &#8211; K\u00e1lmathe Sat\u00e1nas<\/strong><\/p>\n<ol>\n<li><strong>K\u00e1lmathe Sat\u00e1nas<\/strong><\/li>\n<li><strong>De Rodillas Perro<\/strong><\/li>\n<li><strong>El Lobo<\/strong><\/li>\n<li><strong>Tenerla Adentro<\/strong><\/li>\n<li><strong>Drogadicci\u00f3n<\/strong><\/li>\n<li><strong>El Vampiro Gay<\/strong><\/li>\n<li><strong>Rock para Sat\u00e1n<\/strong><\/li>\n<li><strong>Ave de la Tempestades<\/strong><\/li>\n<li><strong>El Viejo Decrepito (nueva versi\u00f3n)<\/strong><\/li>\n<\/ol>\n","protected":false},"excerpt":{"rendered":"<p>Disco de vinil<\/p>\n<p>M\u00fasica:<br \/>\nEl Muertho de Tijuana<\/p>\n<p>Arte: Oscar Coyoli<br \/>\nDise\u00f1o: Proyectos ningu\u00e9m<\/p>\n<p>2019<\/p>\n","protected":false},"featured_media":33,"comment_status":"open","ping_status":"closed","template":"","meta":[],"product_brand":[],"product_cat":[19],"product_tag":[],"class_list":{"0":"post-21","1":"product","2":"type-product","3":"status-publish","4":"has-post-thumbnail","6":"product_cat-disco","8":"first","9":"instock","10":"shipping-taxable","11":"purchasable","12":"product-type-simple"},"_links":{"self":[{"href":"https:\/\/discoscuchillo.com\/tienda\/wp-json\/wp\/v2\/product\/21","targetHints":{"allow":["GET"]}}],"collection":[{"href":"https:\/\/discoscuchillo.com\/tienda\/wp-json\/wp\/v2\/product"}],"about":[{"href":"https:\/\/discoscuchillo.com\/tienda\/wp-json\/wp\/v2\/types\/product"}],"replies":[{"embeddable":true,"href":"https:\/\/discoscuchillo.com\/tienda\/wp-json\/wp\/v2\/comments?post=21"}],"wp:featuredmedia":[{"embeddable":true,"href":"https:\/\/discoscuchillo.com\/tienda\/wp-json\/wp\/v2\/media\/33"}],"wp:attachment":[{"href":"https:\/\/discoscuchillo.com\/tienda\/wp-json\/wp\/v2\/media?parent=21"}],"wp:term":[{"taxonomy":"product_brand","embeddable":true,"href":"https:\/\/discoscuchillo.com\/tienda\/wp-json\/wp\/v2\/product_brand?post=21"},{"taxonomy":"product_cat","embeddable":true,"href":"https:\/\/discoscuchillo.com\/tienda\/wp-json\/wp\/v2\/product_cat?post=21"},{"taxonomy":"product_tag","embeddable":true,"href":"https:\/\/discoscuchillo.com\/tienda\/wp-json\/wp\/v2\/product_tag?post=21"}],"curies":[{"name":"wp","href":"https:\/\/api.w.org\/{rel}","templated":true}]}}