{"id":19,"date":"2021-03-23T01:49:37","date_gmt":"2021-03-23T01:49:37","guid":{"rendered":"http:\/\/pixeloverflow.net\/discos\/?post_type=product&#038;p=19"},"modified":"2021-03-25T01:45:35","modified_gmt":"2021-03-25T01:45:35","slug":"ep","status":"publish","type":"product","link":"https:\/\/discoscuchillo.com\/tienda\/producto\/ep\/","title":{"rendered":"EP"},"content":{"rendered":"<p>El Ma\u00f1ana es una banda joven de la Ciudad de M\u00e9xico. Ninguno de sus integrantes pasa de los 26 a\u00f1os, pero cuentan con suficiente experiencia en el circuito mexicano de foros independientes.<\/p>\n<p>Los proyectos anteriores en los que cada miembro ha participado, sirvieron para construir una identidad definida en su m\u00fasica y ahora, despu\u00e9s de m\u00e1s de un a\u00f1o de ensayar y tocar juntos,\u00a0<strong>ElMa\u00f1ana<\/strong>\u00a0logr\u00f3 pulir un sonido y una presencia sobre el escenario que auguran un futuro promisorio. Han sido teloneros de actos nuevos, como Carla Morrison en la ciudad de Pachuca, con unarespuesta abrumadoramente positiva, de antolog\u00eda. Tambi\u00e9n fueron los teloneros en la mini gira que la banda de Chicago, Maps &amp; Atlases; llev\u00f3 a cabo en Le\u00f3n, Guadalajara y el DF (con dos noches).\u00a0Huelga decir que el recibimiento del exigente p\u00fablico capitalino tambi\u00e9n fue excepcional.<\/p>\n","protected":false},"excerpt":{"rendered":"<p>Disco + Mini p\u00f3ster<\/p>\n<p>M\u00fasica y letra por El Ma\u00f1ana<br \/>\nFernando de Buen<br \/>\nSantiago Mar\u00edn<br \/>\nRafael Rodr\u00edguez<br \/>\nSantiago da Silva<\/p>\n<p>Dise\u00f1o: Santiago da Silva<br \/>\nFotos: Mar\u00eda Garc\u00eda-Sainz<\/p>\n<p>Arte de poster: Jer\u00f3nimo R\u00fcedi<\/p>\n<p>2011<\/p>\n","protected":false},"featured_media":20,"comment_status":"open","ping_status":"closed","template":"","meta":[],"product_brand":[],"product_cat":[21],"product_tag":[],"class_list":{"0":"post-19","1":"product","2":"type-product","3":"status-publish","4":"has-post-thumbnail","6":"product_cat-cd","8":"first","9":"instock","10":"shipping-taxable","11":"purchasable","12":"product-type-simple"},"_links":{"self":[{"href":"https:\/\/discoscuchillo.com\/tienda\/wp-json\/wp\/v2\/product\/19","targetHints":{"allow":["GET"]}}],"collection":[{"href":"https:\/\/discoscuchillo.com\/tienda\/wp-json\/wp\/v2\/product"}],"about":[{"href":"https:\/\/discoscuchillo.com\/tienda\/wp-json\/wp\/v2\/types\/product"}],"replies":[{"embeddable":true,"href":"https:\/\/discoscuchillo.com\/tienda\/wp-json\/wp\/v2\/comments?post=19"}],"wp:featuredmedia":[{"embeddable":true,"href":"https:\/\/discoscuchillo.com\/tienda\/wp-json\/wp\/v2\/media\/20"}],"wp:attachment":[{"href":"https:\/\/discoscuchillo.com\/tienda\/wp-json\/wp\/v2\/media?parent=19"}],"wp:term":[{"taxonomy":"product_brand","embeddable":true,"href":"https:\/\/discoscuchillo.com\/tienda\/wp-json\/wp\/v2\/product_brand?post=19"},{"taxonomy":"product_cat","embeddable":true,"href":"https:\/\/discoscuchillo.com\/tienda\/wp-json\/wp\/v2\/product_cat?post=19"},{"taxonomy":"product_tag","embeddable":true,"href":"https:\/\/discoscuchillo.com\/tienda\/wp-json\/wp\/v2\/product_tag?post=19"}],"curies":[{"name":"wp","href":"https:\/\/api.w.org\/{rel}","templated":true}]}}