{"id":149,"date":"2021-03-25T01:54:16","date_gmt":"2021-03-25T01:54:16","guid":{"rendered":"http:\/\/pixeloverflow.net\/discos\/?post_type=product&#038;p=149"},"modified":"2021-03-25T01:57:27","modified_gmt":"2021-03-25T01:57:27","slug":"100fuegos","status":"publish","type":"product","link":"https:\/\/discoscuchillo.com\/tienda\/producto\/100fuegos\/","title":{"rendered":"Duras vacaciones"},"content":{"rendered":"<p>La historia secreta de Teresa Cienfuegos y Las Cobras nunca se podr\u00e1 contar porque el punk est\u00e1 muerto. La cultura callejera pas\u00f3 a ser un lugar com\u00fan dentro de la industria del\u00a0rock\u2026 Y sin embargo, en las canciones de Teresa Cienfuegos y las Cobras lo que ocurre en las calles y en los barrios tiene a veces el tono \u00e9pico de un cuento de hadas pagano.<\/p>\n<p>Andan en carreteras sin un varo en la bolsa, con el rosario colgado al cuello, dibujando recuerdos entre los paisajes de la noche. Saben distinguir las nubes normales de las de truenos. Suben a tr\u00e1ilers a veces para dar besos, otras nom\u00e1s para viajar, o tan s\u00f3lo para regresar a alg\u00fan lugar caliente y medio so\u00f1ar. As\u00ed son los personajes de Duras Vacaciones, el primer disco de Teresa Cienfuegos y las Cobras. Seis canciones que hablan sobre pandillas, calles, carreteras, sexo, piedra, rascacielos, hip\u00f3dromos y la noche de San Juan. Disco r\u00e1pido de punk chilango, rock \u0301n roll glamuroso estilo calle, literatura beat y NEL. Sobre todo NEL, misericorida y luces de Ne\u00f3n.<\/p>\n","protected":false},"excerpt":{"rendered":"<p>Cassette + p\u00f3ster<\/p>\n<p>M\u00fasica y letra: Teresa Cienfuegos y las Cobras<\/p>\n<p>Dise\u00f1o: Proyectos ningu\u00e9m + Carlo Can\u00fan<\/p>\n<p>2020<\/p>\n","protected":false},"featured_media":37,"comment_status":"open","ping_status":"closed","template":"","meta":[],"product_brand":[],"product_cat":[16],"product_tag":[],"class_list":{"0":"post-149","1":"product","2":"type-product","3":"status-publish","4":"has-post-thumbnail","6":"product_cat-cassette","8":"first","9":"instock","10":"shipping-taxable","11":"purchasable","12":"product-type-simple"},"_links":{"self":[{"href":"https:\/\/discoscuchillo.com\/tienda\/wp-json\/wp\/v2\/product\/149","targetHints":{"allow":["GET"]}}],"collection":[{"href":"https:\/\/discoscuchillo.com\/tienda\/wp-json\/wp\/v2\/product"}],"about":[{"href":"https:\/\/discoscuchillo.com\/tienda\/wp-json\/wp\/v2\/types\/product"}],"replies":[{"embeddable":true,"href":"https:\/\/discoscuchillo.com\/tienda\/wp-json\/wp\/v2\/comments?post=149"}],"wp:featuredmedia":[{"embeddable":true,"href":"https:\/\/discoscuchillo.com\/tienda\/wp-json\/wp\/v2\/media\/37"}],"wp:attachment":[{"href":"https:\/\/discoscuchillo.com\/tienda\/wp-json\/wp\/v2\/media?parent=149"}],"wp:term":[{"taxonomy":"product_brand","embeddable":true,"href":"https:\/\/discoscuchillo.com\/tienda\/wp-json\/wp\/v2\/product_brand?post=149"},{"taxonomy":"product_cat","embeddable":true,"href":"https:\/\/discoscuchillo.com\/tienda\/wp-json\/wp\/v2\/product_cat?post=149"},{"taxonomy":"product_tag","embeddable":true,"href":"https:\/\/discoscuchillo.com\/tienda\/wp-json\/wp\/v2\/product_tag?post=149"}],"curies":[{"name":"wp","href":"https:\/\/api.w.org\/{rel}","templated":true}]}}