{"id":143,"date":"2021-03-25T01:12:17","date_gmt":"2021-03-25T01:12:17","guid":{"rendered":"http:\/\/pixeloverflow.net\/discos\/?post_type=product&#038;p=143"},"modified":"2021-03-25T01:17:42","modified_gmt":"2021-03-25T01:17:42","slug":"yo-no-soy-dj","status":"publish","type":"product","link":"https:\/\/discoscuchillo.com\/tienda\/producto\/yo-no-soy-dj\/","title":{"rendered":"Yo no soy DJ"},"content":{"rendered":"<p>Cuando se public\u00f3 por primera vez el libro \u201cYo no soy dj\u201d, yo no era dj. Creo que Pepito tampoco, ni ninguno de sus amigos cercanos. En esa \u00e9poca sal\u00edan djs hasta por las coladeras. La m\u00fasica electr\u00f3nica hab\u00eda desplazado al rock y los que se convert\u00edan en estrellas eran los que sab\u00edan usar las tornamesas. Parece ser que al mismo tiempo todos, literalmente TODOS, se dieron cuenta de que no era tan dif\u00edcil mezclar dos canciones con el mismo beat, as\u00ed que cualquier hijo de vecino se convirti\u00f3 en disc jockey. Hab\u00eda sobrepoblaci\u00f3n de djs y lo peor de todo era que se cre\u00edan paridos por el mism\u00edsimo Dios.<br \/>\nResultaba muy f\u00e1cil amar u odiar a los djs. Yo los odiaba porque eran mas populares que yo y me burlaba de ellos. Juraba que jam\u00e1s me ver\u00eda en ese papel: con la cabeza ladeada, oyendo con un solo aud\u00edfono la canci\u00f3n siguiente y poniendo cara de interesante.<\/p>\n<p>Con el tiempo varios de los que nos mof\u00e1bamos de los pincha discos ca\u00edmos en la trampa. Nos convertimos en djs. Pepito incluido. Tal vez tenemos a nuestro favor que no nos tomamos en serio y que si lo hacemos, es con un af\u00e1n de divertirnos junto con nuestros amigos que est\u00e1n en la pista de baile. Divertirse es el cometido \u00faltimo de esta vida. Al menos cuando uno conoce a Pepito es en lo que piensas. La idea es pas\u00e1rsela bien \u00bfc\u00f3mo? Como sea. Pepe Casanova es la persona mas divertida que conozco. Se la pasa bien hasta cuando se la est\u00e1 pasando mal.<br \/>\nLa primera vez que le\u00ed uno de sus textos fue hace ya mas de diez a\u00f1os, cuando mandaba peque\u00f1os cuentos por email a todos sus amigos. Tal vez \u00e9l no los consideraba cuentos. Tal vez ni siquiera los consideraba textos literarios. Para m\u00ed lo eran. Un d\u00eda le dije que todos esos textos pod\u00edan ser, compilados, un muy buen libro. Ahora Pepe va por el segundo y la reedici\u00f3n del primero.<\/p>\n<p>\u201cYo no soy dj\u201d ha envejecido bien. Parece que fue escrito apenas ayer y no hace mas de diez a\u00f1os. Tal vez alg\u00fan chavito que lo lea por primera vez no sepa de que est\u00e1 hablando en una p\u00e1gina, pero inmediatamente puede googlear su duda y en menos de un segundo obtendr\u00e1 las respuestas. No hay problema.<br \/>\nSeguramente Pepe no se considera escritor as\u00ed como no se considera dj. Eso lo hace m\u00e1s valioso. Escribe desde un lugar del cual otros escritores no pueden. Tiene la desfachatez que otros a\u00f1oran.<br \/>\nPor que \u00e9l no es escritor, ni es dj, ni es nada. Solo es Pepito. Y para m\u00ed, como para muchos, es suficiente para leerlo y admirarlo.<\/p>\n<p>&nbsp;<\/p>\n<p>Joselo<\/p>\n","protected":false},"excerpt":{"rendered":"<p>Jos\u00e9 Pedro Casanova<\/p>\n<p>150 p\u00e1ginas<br \/>\n11 x 17 cm<br \/>\nOffset, ru\u0301stica + fajilla<\/p>\n<p>Ilustraciones: Pablo Adri\u00e1n Medina<br \/>\nDise\u00f1o: Proyectos ningu\u00e9m<\/p>\n<p>2012<\/p>\n","protected":false},"featured_media":29,"comment_status":"open","ping_status":"closed","template":"","meta":[],"product_brand":[],"product_cat":[20],"product_tag":[],"class_list":{"0":"post-143","1":"product","2":"type-product","3":"status-publish","4":"has-post-thumbnail","6":"product_cat-libro","8":"first","9":"instock","10":"shipping-taxable","11":"purchasable","12":"product-type-simple"},"_links":{"self":[{"href":"https:\/\/discoscuchillo.com\/tienda\/wp-json\/wp\/v2\/product\/143","targetHints":{"allow":["GET"]}}],"collection":[{"href":"https:\/\/discoscuchillo.com\/tienda\/wp-json\/wp\/v2\/product"}],"about":[{"href":"https:\/\/discoscuchillo.com\/tienda\/wp-json\/wp\/v2\/types\/product"}],"replies":[{"embeddable":true,"href":"https:\/\/discoscuchillo.com\/tienda\/wp-json\/wp\/v2\/comments?post=143"}],"wp:featuredmedia":[{"embeddable":true,"href":"https:\/\/discoscuchillo.com\/tienda\/wp-json\/wp\/v2\/media\/29"}],"wp:attachment":[{"href":"https:\/\/discoscuchillo.com\/tienda\/wp-json\/wp\/v2\/media?parent=143"}],"wp:term":[{"taxonomy":"product_brand","embeddable":true,"href":"https:\/\/discoscuchillo.com\/tienda\/wp-json\/wp\/v2\/product_brand?post=143"},{"taxonomy":"product_cat","embeddable":true,"href":"https:\/\/discoscuchillo.com\/tienda\/wp-json\/wp\/v2\/product_cat?post=143"},{"taxonomy":"product_tag","embeddable":true,"href":"https:\/\/discoscuchillo.com\/tienda\/wp-json\/wp\/v2\/product_tag?post=143"}],"curies":[{"name":"wp","href":"https:\/\/api.w.org\/{rel}","templated":true}]}}