{"id":142,"date":"2021-03-25T01:00:02","date_gmt":"2021-03-25T01:00:02","guid":{"rendered":"http:\/\/pixeloverflow.net\/discos\/?post_type=product&#038;p=142"},"modified":"2021-03-25T01:12:04","modified_gmt":"2021-03-25T01:12:04","slug":"pinche-paleta-payaso-cronicas-de-un-chilango","status":"publish","type":"product","link":"https:\/\/discoscuchillo.com\/tienda\/producto\/pinche-paleta-payaso-cronicas-de-un-chilango\/","title":{"rendered":"Pinche Paleta Payaso"},"content":{"rendered":"<p>Cr\u00f3nicas de un chilango<\/p>\n<p>Las cr\u00f3nicas de Adri\u00e1n \u201cPaleta Payaso\u201d Rom\u00e1n son producto de la honestidad, de las circunstancias que, muchas veces, uno no escoge. Son exploraciones precisas de esos mundos imposibles que s\u00f3lo se vuelven factibles a costa de las trampas sociales de un sistema perverso que encumbra las ambiciones individualistas y el ego\u00edsmo. La Paleta Payaso las vive con una especie de resignaci\u00f3n y comparte sus vivencias sin filtros, descaradamente humanas, con una especie de altruismo que es una declaraci\u00f3n de principios.<br \/>\nDiscos Cuchillo re\u00fane estas cr\u00f3nicas por primera vez como muestra de su firme compromiso con la independencia como la \u00fanica forma de respetar la cr\u00f3nica o \u201cno ficci\u00f3n\u201d.<\/p>\n<p>Wenceslao Bruciaga<\/p>\n","protected":false},"excerpt":{"rendered":"<p>Adri\u00e1n Rom\u00e1n<br \/>\nPr\u00f3logo de Roberta Garza<\/p>\n<p>190 p\u00e1ginas<br \/>\n11 x 17 cm<br \/>\nOffset, ru\u0301stica + fajilla<\/p>\n<p>Primera edicio\u0301n 2017<\/p>\n<p>ISBN 978-607-97253-1-0<\/p>\n","protected":false},"featured_media":35,"comment_status":"open","ping_status":"closed","template":"","meta":[],"product_brand":[],"product_cat":[20],"product_tag":[],"class_list":{"0":"post-142","1":"product","2":"type-product","3":"status-publish","4":"has-post-thumbnail","6":"product_cat-libro","8":"first","9":"instock","10":"shipping-taxable","11":"purchasable","12":"product-type-simple"},"_links":{"self":[{"href":"https:\/\/discoscuchillo.com\/tienda\/wp-json\/wp\/v2\/product\/142","targetHints":{"allow":["GET"]}}],"collection":[{"href":"https:\/\/discoscuchillo.com\/tienda\/wp-json\/wp\/v2\/product"}],"about":[{"href":"https:\/\/discoscuchillo.com\/tienda\/wp-json\/wp\/v2\/types\/product"}],"replies":[{"embeddable":true,"href":"https:\/\/discoscuchillo.com\/tienda\/wp-json\/wp\/v2\/comments?post=142"}],"wp:featuredmedia":[{"embeddable":true,"href":"https:\/\/discoscuchillo.com\/tienda\/wp-json\/wp\/v2\/media\/35"}],"wp:attachment":[{"href":"https:\/\/discoscuchillo.com\/tienda\/wp-json\/wp\/v2\/media?parent=142"}],"wp:term":[{"taxonomy":"product_brand","embeddable":true,"href":"https:\/\/discoscuchillo.com\/tienda\/wp-json\/wp\/v2\/product_brand?post=142"},{"taxonomy":"product_cat","embeddable":true,"href":"https:\/\/discoscuchillo.com\/tienda\/wp-json\/wp\/v2\/product_cat?post=142"},{"taxonomy":"product_tag","embeddable":true,"href":"https:\/\/discoscuchillo.com\/tienda\/wp-json\/wp\/v2\/product_tag?post=142"}],"curies":[{"name":"wp","href":"https:\/\/api.w.org\/{rel}","templated":true}]}}